{"id":7056,"date":"2025-03-25T13:44:51","date_gmt":"2025-03-25T17:44:51","guid":{"rendered":"https:\/\/cogitas.ca\/?page_id=7056"},"modified":"2025-04-16T15:47:34","modified_gmt":"2025-04-16T19:47:34","slug":"formations","status":"publish","type":"page","link":"https:\/\/cogitas.ca\/en\/formations\/","title":{"rendered":"Trainings"},"content":{"rendered":"<div data-elementor-type=\"wp-page\" data-elementor-id=\"7056\" class=\"elementor elementor-7056\">\n\t\t\t\t<div class=\"elementor-element elementor-element-e4efaf6 e-flex e-con-boxed e-con e-parent\" data-id=\"e4efaf6\" data-element_type=\"container\">\n\t\t\t\t\t<div class=\"e-con-inner\">\n\t\t<div class=\"elementor-element elementor-element-c126242 e-con-full e-flex e-con e-child\" data-id=\"c126242\" data-element_type=\"container\">\n\t\t<div class=\"elementor-element elementor-element-93395cc e-con-full e-flex e-con e-child\" data-id=\"93395cc\" data-element_type=\"container\">\n\t\t\t\t<div class=\"elementor-element elementor-element-5b052a1 elementor-widget elementor-widget-text-editor\" data-id=\"5b052a1\" data-element_type=\"widget\" data-widget_type=\"text-editor.default\">\n\t\t\t\t<div class=\"elementor-widget-container\">\n\t\t\t\t\t\t\t\t\t<p><strong><span class=\"OYPEnA font-feature-liga-off font-feature-clig-off font-feature-calt-off text-decoration-none text-strikethrough-none\">Tailor-made training to help you stand out from the crowd<\/span><\/strong><\/p>\t\t\t\t\t\t\t\t<\/div>\n\t\t\t\t<\/div>\n\t\t\t\t<div class=\"elementor-element elementor-element-6d8e874 elementor-widget elementor-widget-text-editor\" data-id=\"6d8e874\" data-element_type=\"widget\" data-widget_type=\"text-editor.default\">\n\t\t\t\t<div class=\"elementor-widget-container\">\n\t\t\t\t\t\t\t\t\t<p class=\"cvGsUA direction-ltr align-justify para-style-body\">Que vous soyez membre d&#8217;un conseil d&#8217;administration, directeurs g\u00e9n\u00e9raux d&#8217;OBNL ou dirigeants de PME, nos formations peuvent vous guider dans trois cat\u00e9gories bien distinctes pour aider votre organisation dans son d\u00e9veloppement. La sant\u00e9 organisationnelle, la sant\u00e9 financi\u00e8re et la sant\u00e9 technologique.<\/p>\t\t\t\t\t\t\t\t<\/div>\n\t\t\t\t<\/div>\n\t\t\t\t<\/div>\n\t\t\t\t<\/div>\n\t\t\t\t\t<\/div>\n\t\t\t\t<\/div>\n\t\t<div class=\"elementor-element elementor-element-dc9d34c e-flex e-con-boxed e-con e-parent\" data-id=\"dc9d34c\" data-element_type=\"container\">\n\t\t\t\t\t<div class=\"e-con-inner\">\n\t\t<div class=\"elementor-element elementor-element-9ff5bb1 e-con-full e-flex e-con e-child\" data-id=\"9ff5bb1\" data-element_type=\"container\">\n\t\t\t\t<div class=\"elementor-element elementor-element-dc7199b elementor-widget elementor-widget-ct_heading\" data-id=\"dc7199b\" data-element_type=\"widget\" data-widget_type=\"ct_heading.default\">\n\t\t\t\t<div class=\"elementor-widget-container\">\n\t\t\t\t\t<div id=\"ct_heading-dc7199b\" class=\"ct-heading h-align-left sub-style1 ct-heading-left item-st-default\">\r\n\t<div class=\"ct-item--inner\">\r\n        <div class=\"ct-inline-css\"  data-css=\"            \">\r\n        <\/div>\r\n            \t\t<div class=\"item--sub-title style1 hide-line\">\r\n                                                I select my function :                                                            <\/div>\r\n    \t        <h3 class=\"item--title st-default case-animate-time\" data-wow-delay=\"ms\">\r\n                        <span class=\"sp-main\">\r\n                \r\n                \r\n                \r\n                            <\/span>\r\n                    <\/h3>\r\n    <\/div>\r\n<\/div>\t\t\t\t<\/div>\n\t\t\t\t<\/div>\n\t\t\t\t<\/div>\n\t\t\t\t\t<\/div>\n\t\t\t\t<\/div>\n\t\t<div class=\"elementor-element elementor-element-6832438 e-flex e-con-boxed e-con e-parent\" data-id=\"6832438\" data-element_type=\"container\">\n\t\t\t\t\t<div class=\"e-con-inner\">\n\t\t<div class=\"elementor-element elementor-element-42fbc88 e-con-full e-flex e-con e-child\" data-id=\"42fbc88\" data-element_type=\"container\">\n\t\t<div class=\"elementor-element elementor-element-e72ec3c e-con-full e-flex e-con e-child\" data-id=\"e72ec3c\" data-element_type=\"container\" data-settings=\"{&quot;background_background&quot;:&quot;classic&quot;}\">\n\t\t\t\t<div class=\"elementor-element elementor-element-c6be3d8 elementor-widget elementor-widget-ct_heading\" data-id=\"c6be3d8\" data-element_type=\"widget\" data-widget_type=\"ct_heading.default\">\n\t\t\t\t<div class=\"elementor-widget-container\">\n\t\t\t\t\t<div id=\"ct_heading-c6be3d8\" class=\"ct-heading h-align-center sub-style1 ct-heading-left item-st-default\">\r\n\t<div class=\"ct-item--inner\">\r\n        <div class=\"ct-inline-css\"  data-css=\"            \">\r\n        <\/div>\r\n            \t\t<div class=\"item--sub-title style1 hide-line\">\r\n                                                Members of the Board of Directors                                                            <\/div>\r\n    \t        <h3 class=\"item--title st-default case-animate-time\" data-wow-delay=\"ms\">\r\n                        <span class=\"sp-main\">\r\n                \r\n                \r\n                \r\n                            <\/span>\r\n                    <\/h3>\r\n    <\/div>\r\n<\/div>\t\t\t\t<\/div>\n\t\t\t\t<\/div>\n\t\t\t\t<div class=\"elementor-element elementor-element-708590f rm-box-shadow elementor-align-center elementor-widget elementor-widget-ct_button\" data-id=\"708590f\" data-element_type=\"widget\" data-widget_type=\"ct_button.default\">\n\t\t\t\t<div class=\"elementor-widget-container\">\n\t\t\t\t\t<div id=\"ct_button-708590f\" class=\"ct-button-wrapper ct-button-layout1 icon- btn--inline\">\r\n    <div class=\"ct-inline-css\"  data-css=\"        \">\r\n    <\/div>\r\n            <span class=\"ct-icon-active\"><\/span>\r\n        <a href=\"https:\/\/cogitas.ca\/en\/type-dorganisation\/\" class=\"btn btn-default icon-active btn-inline-block\" data-wow-delay=\"ms\">\r\n                            <span class=\"ct-button-icon ct-align-icon-\">\r\n                            <\/span>\r\n                <span class=\"ct-button-text\">I CONTINUE WITH THIS CHOICE<\/span>\r\n    <\/a>\r\n<\/div>\t\t\t\t<\/div>\n\t\t\t\t<\/div>\n\t\t\t\t<\/div>\n\t\t\t\t<\/div>\n\t\t<div class=\"elementor-element elementor-element-2bd4b73 e-con-full e-flex e-con e-child\" data-id=\"2bd4b73\" data-element_type=\"container\">\n\t\t<div class=\"elementor-element elementor-element-1df89be e-con-full e-flex e-con e-child\" data-id=\"1df89be\" data-element_type=\"container\" data-settings=\"{&quot;background_background&quot;:&quot;classic&quot;}\">\n\t\t\t\t<div class=\"elementor-element elementor-element-85f5a56 elementor-widget elementor-widget-ct_heading\" data-id=\"85f5a56\" data-element_type=\"widget\" data-widget_type=\"ct_heading.default\">\n\t\t\t\t<div class=\"elementor-widget-container\">\n\t\t\t\t\t<div id=\"ct_heading-85f5a56\" class=\"ct-heading h-align-center sub-style1 ct-heading-left item-st-default\">\r\n\t<div class=\"ct-item--inner\">\r\n        <div class=\"ct-inline-css\"  data-css=\"            \">\r\n        <\/div>\r\n            \t\t<div class=\"item--sub-title style1 hide-line\">\r\n                                                Directeurs\/trices d&#039;OBNL                                                            <\/div>\r\n    \t        <h3 class=\"item--title st-default case-animate-time\" data-wow-delay=\"ms\">\r\n                        <span class=\"sp-main\">\r\n                \r\n                \r\n                \r\n                            <\/span>\r\n                    <\/h3>\r\n    <\/div>\r\n<\/div>\t\t\t\t<\/div>\n\t\t\t\t<\/div>\n\t\t\t\t<div class=\"elementor-element elementor-element-72b975d rm-box-shadow elementor-align-center elementor-widget elementor-widget-ct_button\" data-id=\"72b975d\" data-element_type=\"widget\" data-widget_type=\"ct_button.default\">\n\t\t\t\t<div class=\"elementor-widget-container\">\n\t\t\t\t\t<div id=\"ct_button-72b975d\" class=\"ct-button-wrapper ct-button-layout1 icon- btn--inline\">\r\n    <div class=\"ct-inline-css\"  data-css=\"        \">\r\n    <\/div>\r\n            <span class=\"ct-icon-active\"><\/span>\r\n        <a href=\"https:\/\/cogitas.ca\/en\/type-dorganisation\/\" class=\"btn btn-default icon-active btn-inline-block\" data-wow-delay=\"ms\">\r\n                            <span class=\"ct-button-icon ct-align-icon-\">\r\n                            <\/span>\r\n                <span class=\"ct-button-text\">I CONTINUE WITH THIS CHOICE<\/span>\r\n    <\/a>\r\n<\/div>\t\t\t\t<\/div>\n\t\t\t\t<\/div>\n\t\t\t\t<\/div>\n\t\t\t\t<\/div>\n\t\t<div class=\"elementor-element elementor-element-fddc649 e-con-full e-flex e-con e-child\" data-id=\"fddc649\" data-element_type=\"container\">\n\t\t<div class=\"elementor-element elementor-element-2d35642 e-con-full e-flex e-con e-child\" data-id=\"2d35642\" data-element_type=\"container\" data-settings=\"{&quot;background_background&quot;:&quot;classic&quot;}\">\n\t\t\t\t<div class=\"elementor-element elementor-element-c95ae23 elementor-widget elementor-widget-ct_heading\" data-id=\"c95ae23\" data-element_type=\"widget\" data-widget_type=\"ct_heading.default\">\n\t\t\t\t<div class=\"elementor-widget-container\">\n\t\t\t\t\t<div id=\"ct_heading-c95ae23\" class=\"ct-heading h-align-center sub-style1 ct-heading-left item-st-default\">\r\n\t<div class=\"ct-item--inner\">\r\n        <div class=\"ct-inline-css\"  data-css=\"            \">\r\n        <\/div>\r\n            \t\t<div class=\"item--sub-title style1 hide-line\">\r\n                                                Dirigeant(e)s PME                                                            <\/div>\r\n    \t        <h3 class=\"item--title st-default case-animate-time\" data-wow-delay=\"ms\">\r\n                        <span class=\"sp-main\">\r\n                \r\n                \r\n                \r\n                            <\/span>\r\n                    <\/h3>\r\n    <\/div>\r\n<\/div>\t\t\t\t<\/div>\n\t\t\t\t<\/div>\n\t\t\t\t<div class=\"elementor-element elementor-element-5640eb6 rm-box-shadow elementor-align-center elementor-widget elementor-widget-ct_button\" data-id=\"5640eb6\" data-element_type=\"widget\" data-widget_type=\"ct_button.default\">\n\t\t\t\t<div class=\"elementor-widget-container\">\n\t\t\t\t\t<div id=\"ct_button-5640eb6\" class=\"ct-button-wrapper ct-button-layout1 icon- btn--inline\">\r\n    <div class=\"ct-inline-css\"  data-css=\"        \">\r\n    <\/div>\r\n            <span class=\"ct-icon-active\"><\/span>\r\n        <a href=\"https:\/\/cogitas.ca\/en\/type-dorganisation\/\" class=\"btn btn-default icon-active btn-inline-block\" data-wow-delay=\"ms\">\r\n                            <span class=\"ct-button-icon ct-align-icon-\">\r\n                            <\/span>\r\n                <span class=\"ct-button-text\">I CONTINUE WITH THIS CHOICE<\/span>\r\n    <\/a>\r\n<\/div>\t\t\t\t<\/div>\n\t\t\t\t<\/div>\n\t\t\t\t<\/div>\n\t\t\t\t<\/div>\n\t\t\t\t\t<\/div>\n\t\t\t\t<\/div>\n\t\t<div class=\"elementor-element elementor-element-92829be e-flex e-con-boxed e-con e-parent\" data-id=\"92829be\" data-element_type=\"container\">\n\t\t\t\t\t<div class=\"e-con-inner\">\n\t\t\t\t<div class=\"elementor-element elementor-element-cf27067 elementor-hidden-desktop elementor-hidden-tablet elementor-hidden-mobile elementor-tabs-view-horizontal elementor-widget elementor-widget-tabs\" data-id=\"cf27067\" data-element_type=\"widget\" data-widget_type=\"tabs.default\">\n\t\t\t\t<div class=\"elementor-widget-container\">\n\t\t\t\t\t\t\t<div class=\"elementor-tabs\">\n\t\t\t<div class=\"elementor-tabs-wrapper\" role=\"tablist\" >\n\t\t\t\t\t\t\t\t\t<div id=\"elementor-tab-title-2171\" class=\"elementor-tab-title elementor-tab-desktop-title\" aria-selected=\"true\" data-tab=\"1\" role=\"tab\" tabindex=\"0\" aria-controls=\"elementor-tab-content-2171\" aria-expanded=\"false\">Organizational health<\/div>\n\t\t\t\t\t\t\t\t\t<div id=\"elementor-tab-title-2172\" class=\"elementor-tab-title elementor-tab-desktop-title\" aria-selected=\"false\" data-tab=\"2\" role=\"tab\" tabindex=\"-1\" aria-controls=\"elementor-tab-content-2172\" aria-expanded=\"false\">Financial health<\/div>\n\t\t\t\t\t\t\t\t\t<div id=\"elementor-tab-title-2173\" class=\"elementor-tab-title elementor-tab-desktop-title\" aria-selected=\"false\" data-tab=\"3\" role=\"tab\" tabindex=\"-1\" aria-controls=\"elementor-tab-content-2173\" aria-expanded=\"false\">Technological health<\/div>\n\t\t\t\t\t\t\t<\/div>\n\t\t\t<div class=\"elementor-tabs-content-wrapper\" role=\"tablist\" aria-orientation=\"vertical\">\n\t\t\t\t\t\t\t\t\t<div class=\"elementor-tab-title elementor-tab-mobile-title\" aria-selected=\"true\" data-tab=\"1\" role=\"tab\" tabindex=\"0\" aria-controls=\"elementor-tab-content-2171\" aria-expanded=\"false\">Organizational health<\/div>\n\t\t\t\t\t<div id=\"elementor-tab-content-2171\" class=\"elementor-tab-content elementor-clearfix\" data-tab=\"1\" role=\"tabpanel\" aria-labelledby=\"elementor-tab-title-2171\" tabindex=\"0\" hidden=\"false\"><h3><strong>Communication<\/strong><\/h3><h4><span data-olk-copy-source=\"MessageBody\">Budget management and communication<\/span><\/h4><h3><strong>Leadership and talent management<\/strong><\/h3><h4 dir=\"ltr\" data-olk-copy-source=\"MessageBody\">Talent management<\/h4><p>Skills development<\/p><p>Leadership and management practice<\/p><\/div>\n\t\t\t\t\t\t\t\t\t<div class=\"elementor-tab-title elementor-tab-mobile-title\" aria-selected=\"false\" data-tab=\"2\" role=\"tab\" tabindex=\"-1\" aria-controls=\"elementor-tab-content-2172\" aria-expanded=\"false\">Financial health<\/div>\n\t\t\t\t\t<div id=\"elementor-tab-content-2172\" class=\"elementor-tab-content elementor-clearfix\" data-tab=\"2\" role=\"tabpanel\" aria-labelledby=\"elementor-tab-title-2172\" tabindex=\"0\" hidden=\"hidden\"><h3><strong><span data-olk-copy-source=\"MessageBody\">Budget and financial forecast<\/span><\/strong><\/h3><h4><span data-olk-copy-source=\"MessageBody\">Budget management and communication<\/span><\/h4><h3><strong><span data-olk-copy-source=\"MessageBody\">Sales, customer relations and marketing<\/span><\/strong><\/h3><h4 dir=\"ltr\" data-olk-copy-source=\"MessageBody\">Sales<\/h4><h4 dir=\"ltr\">Customer relations<\/h4><h4 dir=\"ltr\">Marketing<\/h4><\/div>\n\t\t\t\t\t\t\t\t\t<div class=\"elementor-tab-title elementor-tab-mobile-title\" aria-selected=\"false\" data-tab=\"3\" role=\"tab\" tabindex=\"-1\" aria-controls=\"elementor-tab-content-2173\" aria-expanded=\"false\">Technological health<\/div>\n\t\t\t\t\t<div id=\"elementor-tab-content-2173\" class=\"elementor-tab-content elementor-clearfix\" data-tab=\"3\" role=\"tabpanel\" aria-labelledby=\"elementor-tab-title-2173\" tabindex=\"0\" hidden=\"hidden\"><h3><strong><span data-olk-copy-source=\"MessageBody\">Artificial intelligence<\/span><\/strong><\/h3><h4><a href=\"https:\/\/cogitas.ca\/en\/intelligence-artificielle\/\" target=\"_blank\" rel=\"noopener\">Essential basics and practical applications <\/a><\/h4><\/div>\n\t\t\t\t\t\t\t<\/div>\n\t\t<\/div>\n\t\t\t\t\t\t<\/div>\n\t\t\t\t<\/div>\n\t\t\t\t\t<\/div>\n\t\t\t\t<\/div>\n\t\t\t\t<\/div>","protected":false},"excerpt":{"rendered":"<p>Nos formations sur-mesure pour vous permettre de vous d\u00e9marquer Que vous soyez membre d&#8217;un conseil d&#8217;administration, directeurs g\u00e9n\u00e9raux d&#8217;OBNL ou dirigeants de PME, nos formations peuvent vous guider dans trois cat\u00e9gories bien distinctes pour aider votre organisation dans son d\u00e9veloppement. La sant\u00e9 organisationnelle, la sant\u00e9 financi\u00e8re et la sant\u00e9 technologique. Je s\u00e9lectionne ma fonction : [&hellip;]<\/p>","protected":false},"author":5,"featured_media":0,"parent":0,"menu_order":0,"comment_status":"closed","ping_status":"closed","template":"","meta":{"_exactmetrics_skip_tracking":false,"_exactmetrics_sitenote_active":false,"_exactmetrics_sitenote_note":"","_exactmetrics_sitenote_category":0,"footnotes":""},"class_list":["post-7056","page","type-page","status-publish","hentry"],"_links":{"self":[{"href":"https:\/\/cogitas.ca\/en\/wp-json\/wp\/v2\/pages\/7056"}],"collection":[{"href":"https:\/\/cogitas.ca\/en\/wp-json\/wp\/v2\/pages"}],"about":[{"href":"https:\/\/cogitas.ca\/en\/wp-json\/wp\/v2\/types\/page"}],"author":[{"embeddable":true,"href":"https:\/\/cogitas.ca\/en\/wp-json\/wp\/v2\/users\/5"}],"replies":[{"embeddable":true,"href":"https:\/\/cogitas.ca\/en\/wp-json\/wp\/v2\/comments?post=7056"}],"version-history":[{"count":219,"href":"https:\/\/cogitas.ca\/en\/wp-json\/wp\/v2\/pages\/7056\/revisions"}],"predecessor-version":[{"id":7688,"href":"https:\/\/cogitas.ca\/en\/wp-json\/wp\/v2\/pages\/7056\/revisions\/7688"}],"wp:attachment":[{"href":"https:\/\/cogitas.ca\/en\/wp-json\/wp\/v2\/media?parent=7056"}],"curies":[{"name":"wp","href":"https:\/\/api.w.org\/{rel}","templated":true}]}}