{"id":7736,"date":"2025-04-21T20:53:47","date_gmt":"2025-04-22T00:53:47","guid":{"rendered":"https:\/\/cogitas.ca\/?page_id=7736"},"modified":"2025-04-21T20:55:40","modified_gmt":"2025-04-22T00:55:40","slug":"isabelle-alain","status":"publish","type":"page","link":"https:\/\/cogitas.ca\/en\/isabelle-alain\/","title":{"rendered":"Faites connaissance avec Isabelle"},"content":{"rendered":"<div data-elementor-type=\"wp-page\" data-elementor-id=\"7736\" class=\"elementor elementor-7736\">\n\t\t\t\t<div class=\"elementor-element elementor-element-dba4c24 e-flex e-con-boxed e-con e-parent\" data-id=\"dba4c24\" data-element_type=\"container\">\n\t\t\t\t\t<div class=\"e-con-inner\">\n\t\t\t\t<div class=\"elementor-element elementor-element-126fd14 elementor-invisible elementor-widget elementor-widget-ct_about_us\" data-id=\"126fd14\" data-element_type=\"widget\" data-settings=\"{&quot;_animation&quot;:&quot;fadeInRight&quot;}\" data-widget_type=\"ct_about_us.default\">\n\t\t\t\t<div class=\"elementor-widget-container\">\n\t\t\t\t\t<div class=\"ct-about-us\">\r\n\t<div class=\"ct-about-left\">\r\n\t\t\t\t\t<div class=\"ct-about-imge\"><img fetchpriority=\"high\" decoding=\"async\" class=\"\" src=\"https:\/\/cogitas.ca\/wp-content\/uploads\/Isabelle-Alain-PhotographesCommercial-306x306.jpg\" width=\"306\" height=\"306\" alt=\"Isabelle Alain\" title=\"Isabelle Alain\" \/><\/div>\r\n\t\t\t<\/div>\r\n\t<div class=\"ct-about-right\">\r\n\t\t<div class=\"ct-about-holder\">\r\n\t        <div class=\"ct-about-subtitle\"><span>Manager \u2013 Partnerships and Special Projects<\/span><\/div>\r\n\t        <h3 class=\"ct-about-title\">Isabelle Alain <\/h3>\r\n\t        <div class=\"ct-about-desc\">Isabelle Alain is the Director of Partnerships and Special Projects at COGITAS, where she excels at creating strong and strategic relationships. Her motivating leadership and exceptional interpersonal skills make her a catalyst for success, bringing teams together and aligning clients' needs with COGITAS services. \n\nShe holds a bachelor's degree in business administration from UQAM. Outside of work, Isabelle is passionate about opera and music, two worlds that fuel her sense of harmony and creativity.<\/div>\r\n\t        \t    <\/div>\r\n\t<\/div>\r\n<\/div>\t\t\t\t<\/div>\n\t\t\t\t<\/div>\n\t\t\t\t\t<\/div>\n\t\t\t\t<\/div>\n\t\t\t\t<\/div>","protected":false},"excerpt":{"rendered":"<p>Directrice \u2013 Partenariats et Projets Sp\u00e9ciaux Isabelle Alain Isabelle Alain occupe le poste de directrice des partenariats et projets sp\u00e9ciaux chez COGITAS, o\u00f9 elle excelle dans la cr\u00e9ation de relations solides et strat\u00e9giques. Son leadership mobilisateur et ses qualit\u00e9s interpersonnelles exceptionnelles font d&#8217;elle un catalyseur de succ\u00e8s, en f\u00e9d\u00e9rant les \u00e9quipes et en alignant les [&hellip;]<\/p>","protected":false},"author":5,"featured_media":0,"parent":0,"menu_order":0,"comment_status":"closed","ping_status":"closed","template":"","meta":{"_exactmetrics_skip_tracking":false,"_exactmetrics_sitenote_active":false,"_exactmetrics_sitenote_note":"","_exactmetrics_sitenote_category":0,"footnotes":""},"class_list":["post-7736","page","type-page","status-publish","hentry"],"_links":{"self":[{"href":"https:\/\/cogitas.ca\/en\/wp-json\/wp\/v2\/pages\/7736"}],"collection":[{"href":"https:\/\/cogitas.ca\/en\/wp-json\/wp\/v2\/pages"}],"about":[{"href":"https:\/\/cogitas.ca\/en\/wp-json\/wp\/v2\/types\/page"}],"author":[{"embeddable":true,"href":"https:\/\/cogitas.ca\/en\/wp-json\/wp\/v2\/users\/5"}],"replies":[{"embeddable":true,"href":"https:\/\/cogitas.ca\/en\/wp-json\/wp\/v2\/comments?post=7736"}],"version-history":[{"count":4,"href":"https:\/\/cogitas.ca\/en\/wp-json\/wp\/v2\/pages\/7736\/revisions"}],"predecessor-version":[{"id":7740,"href":"https:\/\/cogitas.ca\/en\/wp-json\/wp\/v2\/pages\/7736\/revisions\/7740"}],"wp:attachment":[{"href":"https:\/\/cogitas.ca\/en\/wp-json\/wp\/v2\/media?parent=7736"}],"curies":[{"name":"wp","href":"https:\/\/api.w.org\/{rel}","templated":true}]}}