{"id":7753,"date":"2025-04-21T20:59:31","date_gmt":"2025-04-22T00:59:31","guid":{"rendered":"https:\/\/cogitas.ca\/?page_id=7753"},"modified":"2025-04-21T21:00:15","modified_gmt":"2025-04-22T01:00:15","slug":"julien-thouroude","status":"publish","type":"page","link":"https:\/\/cogitas.ca\/en\/julien-thouroude\/","title":{"rendered":"Faites connaissance avec Julien"},"content":{"rendered":"<div data-elementor-type=\"wp-page\" data-elementor-id=\"7753\" class=\"elementor elementor-7753\">\n\t\t\t\t<div class=\"elementor-element elementor-element-dba4c24 e-flex e-con-boxed e-con e-parent\" data-id=\"dba4c24\" data-element_type=\"container\">\n\t\t\t\t\t<div class=\"e-con-inner\">\n\t\t\t\t<div class=\"elementor-element elementor-element-126fd14 elementor-invisible elementor-widget elementor-widget-ct_about_us\" data-id=\"126fd14\" data-element_type=\"widget\" data-settings=\"{&quot;_animation&quot;:&quot;fadeInRight&quot;}\" data-widget_type=\"ct_about_us.default\">\n\t\t\t\t<div class=\"elementor-widget-container\">\n\t\t\t\t\t<div class=\"ct-about-us\">\r\n\t<div class=\"ct-about-left\">\r\n\t\t\t\t\t<div class=\"ct-about-imge\"><img fetchpriority=\"high\" decoding=\"async\" class=\"\" src=\"https:\/\/cogitas.ca\/wp-content\/uploads\/Julien-306x306.jpg\" width=\"306\" height=\"306\" alt=\"Julien Thouroude\" title=\"Julien Thouroude\" \/><\/div>\r\n\t\t\t<\/div>\r\n\t<div class=\"ct-about-right\">\r\n\t\t<div class=\"ct-about-holder\">\r\n\t        <div class=\"ct-about-subtitle\"><span>Manager \u2013 Partnerships &amp; Advisory<\/span><\/div>\r\n\t        <h3 class=\"ct-about-title\">Julien Thouroude<\/h3>\r\n\t        <div class=\"ct-about-desc\">Julien Thouroude plays a central role at COGITAS, fostering strategic relationships while contributing directly to key growth and transformation mandates. With over 20 years of experience in project management, organizational development, and team mobilization, he actively supports the firm\u2019s expansion and the success of its clients.\n\nHis career has taken him through large-scale projects in Quebec and internationally, across diverse sectors including IT, industry, and professional services. Julien excels in structuring service offerings, orchestrating strategic planning processes, and delivering practical solutions tailored to on-the-ground realities.\n\nGuided by a human and collaborative approach, he believes lasting transformation stems from listening, mutual commitment, and proximity. A team sports enthusiast, he brings to his work the art of mobilizing people, inspiring collective action, and generating sustainable performance.<\/div>\r\n\t        \t    <\/div>\r\n\t<\/div>\r\n<\/div>\t\t\t\t<\/div>\n\t\t\t\t<\/div>\n\t\t\t\t\t<\/div>\n\t\t\t\t<\/div>\n\t\t\t\t<\/div>","protected":false},"excerpt":{"rendered":"<p>Directeur \u2014 D\u00e9veloppement et accompagnement Julien Thouroude Julien Thouroude joue un r\u00f4le central chez COGITAS, en assurant le d\u00e9veloppement de relations strat\u00e9giques tout en intervenant dans des mandats de transformation et de croissance. Fort de plus de 20 ans d\u2019exp\u00e9rience en gestion de projet, d\u00e9veloppement organisationnel et mobilisation d\u2019\u00e9quipes, il contribue activement au rayonnement de [&hellip;]<\/p>","protected":false},"author":5,"featured_media":0,"parent":0,"menu_order":0,"comment_status":"closed","ping_status":"closed","template":"","meta":{"_exactmetrics_skip_tracking":false,"_exactmetrics_sitenote_active":false,"_exactmetrics_sitenote_note":"","_exactmetrics_sitenote_category":0,"footnotes":""},"class_list":["post-7753","page","type-page","status-publish","hentry"],"_links":{"self":[{"href":"https:\/\/cogitas.ca\/en\/wp-json\/wp\/v2\/pages\/7753"}],"collection":[{"href":"https:\/\/cogitas.ca\/en\/wp-json\/wp\/v2\/pages"}],"about":[{"href":"https:\/\/cogitas.ca\/en\/wp-json\/wp\/v2\/types\/page"}],"author":[{"embeddable":true,"href":"https:\/\/cogitas.ca\/en\/wp-json\/wp\/v2\/users\/5"}],"replies":[{"embeddable":true,"href":"https:\/\/cogitas.ca\/en\/wp-json\/wp\/v2\/comments?post=7753"}],"version-history":[{"count":4,"href":"https:\/\/cogitas.ca\/en\/wp-json\/wp\/v2\/pages\/7753\/revisions"}],"predecessor-version":[{"id":7757,"href":"https:\/\/cogitas.ca\/en\/wp-json\/wp\/v2\/pages\/7753\/revisions\/7757"}],"wp:attachment":[{"href":"https:\/\/cogitas.ca\/en\/wp-json\/wp\/v2\/media?parent=7753"}],"curies":[{"name":"wp","href":"https:\/\/api.w.org\/{rel}","templated":true}]}}