{"id":7772,"date":"2025-04-21T21:04:23","date_gmt":"2025-04-22T01:04:23","guid":{"rendered":"https:\/\/cogitas.ca\/?page_id=7772"},"modified":"2025-04-21T21:04:45","modified_gmt":"2025-04-22T01:04:45","slug":"lea-marc","status":"publish","type":"page","link":"https:\/\/cogitas.ca\/en\/lea-marc\/","title":{"rendered":"Faites connaissance avec L\u00e9a"},"content":{"rendered":"<div data-elementor-type=\"wp-page\" data-elementor-id=\"7772\" class=\"elementor elementor-7772\">\n\t\t\t\t<div class=\"elementor-element elementor-element-dba4c24 e-flex e-con-boxed e-con e-parent\" data-id=\"dba4c24\" data-element_type=\"container\">\n\t\t\t\t\t<div class=\"e-con-inner\">\n\t\t\t\t<div class=\"elementor-element elementor-element-0388de1 elementor-invisible elementor-widget elementor-widget-ct_about_us\" data-id=\"0388de1\" data-element_type=\"widget\" data-settings=\"{&quot;_animation&quot;:&quot;fadeInRight&quot;}\" data-widget_type=\"ct_about_us.default\">\n\t\t\t\t<div class=\"elementor-widget-container\">\n\t\t\t\t\t<div class=\"ct-about-us\">\r\n\t<div class=\"ct-about-left\">\r\n\t\t\t\t\t<div class=\"ct-about-imge\"><img fetchpriority=\"high\" decoding=\"async\" class=\"\" src=\"https:\/\/cogitas.ca\/wp-content\/uploads\/Lea-Marc_-photo-306x306.jpg\" width=\"306\" height=\"306\" alt=\"L\u00e9a Marc\" title=\"L\u00e9a Marc\" \/><\/div>\r\n\t\t\t<\/div>\r\n\t<div class=\"ct-about-right\">\r\n\t\t<div class=\"ct-about-holder\">\r\n\t        <div class=\"ct-about-subtitle\"><span>Marketing Coordinator<\/span><\/div>\r\n\t        <h3 class=\"ct-about-title\">L\u00e9a Marc <\/h3>\r\n\t        <div class=\"ct-about-desc\">L\u00e9a Marc is the Marketing Coordinator at COGITAS, where she plays a central role in strengthening the company's image through strategic marketing and communication initiatives. Her curiosity and creativity are essential drivers in ensuring the success of COGITAS and its clients' campaigns. \n\nPassionate about branding, L\u00e9a combines innovation and organization to ensure that every marketing project is impactful and well-structured. She is currently completing a bachelor's degree in marketing and Business Analytics in Information Technology at HEC Montr\u00e9al and enjoys exploring the latest visual trends to inspire her creative ideas.<\/div>\r\n\t        \t    <\/div>\r\n\t<\/div>\r\n<\/div>\t\t\t\t<\/div>\n\t\t\t\t<\/div>\n\t\t\t\t\t<\/div>\n\t\t\t\t<\/div>\n\t\t\t\t<\/div>","protected":false},"excerpt":{"rendered":"<p>Coordinatrice Marketing L\u00e9a Marc L\u00e9a Marc occupe le poste de coordinatrice marketing chez COGITAS, o\u00f9 elle joue un r\u00f4le central dans le renforcement de l&#8217;image de l&#8217;entreprise \u00e0 travers ses initiatives strat\u00e9giques en marketing et communication. Sa curiosit\u00e9 et sa cr\u00e9ativit\u00e9 sont des moteurs essentiels pour assurer le succ\u00e8s des campagnes de COGITAS et de [&hellip;]<\/p>","protected":false},"author":5,"featured_media":0,"parent":0,"menu_order":0,"comment_status":"closed","ping_status":"closed","template":"","meta":{"_exactmetrics_skip_tracking":false,"_exactmetrics_sitenote_active":false,"_exactmetrics_sitenote_note":"","_exactmetrics_sitenote_category":0,"footnotes":""},"class_list":["post-7772","page","type-page","status-publish","hentry"],"_links":{"self":[{"href":"https:\/\/cogitas.ca\/en\/wp-json\/wp\/v2\/pages\/7772"}],"collection":[{"href":"https:\/\/cogitas.ca\/en\/wp-json\/wp\/v2\/pages"}],"about":[{"href":"https:\/\/cogitas.ca\/en\/wp-json\/wp\/v2\/types\/page"}],"author":[{"embeddable":true,"href":"https:\/\/cogitas.ca\/en\/wp-json\/wp\/v2\/users\/5"}],"replies":[{"embeddable":true,"href":"https:\/\/cogitas.ca\/en\/wp-json\/wp\/v2\/comments?post=7772"}],"version-history":[{"count":4,"href":"https:\/\/cogitas.ca\/en\/wp-json\/wp\/v2\/pages\/7772\/revisions"}],"predecessor-version":[{"id":7776,"href":"https:\/\/cogitas.ca\/en\/wp-json\/wp\/v2\/pages\/7772\/revisions\/7776"}],"wp:attachment":[{"href":"https:\/\/cogitas.ca\/en\/wp-json\/wp\/v2\/media?parent=7772"}],"curies":[{"name":"wp","href":"https:\/\/api.w.org\/{rel}","templated":true}]}}