{"id":8321,"date":"2026-02-03T13:37:50","date_gmt":"2026-02-03T17:37:50","guid":{"rendered":"https:\/\/cogitas.ca\/?page_id=8321"},"modified":"2026-02-03T13:49:56","modified_gmt":"2026-02-03T17:49:56","slug":"faites-connaissance-avec-myrianne","status":"publish","type":"page","link":"https:\/\/cogitas.ca\/en\/faites-connaissance-avec-myrianne\/","title":{"rendered":"Faites connaissance avec Myrianne"},"content":{"rendered":"<div data-elementor-type=\"wp-page\" data-elementor-id=\"8321\" class=\"elementor elementor-8321\">\n\t\t\t\t<div class=\"elementor-element elementor-element-9e167c1 e-flex e-con-boxed e-con e-parent\" data-id=\"9e167c1\" data-element_type=\"container\">\n\t\t\t\t\t<div class=\"e-con-inner\">\n\t\t\t\t<div class=\"elementor-element elementor-element-f5f79e2 elementor-invisible elementor-widget elementor-widget-ct_about_us\" data-id=\"f5f79e2\" data-element_type=\"widget\" data-settings=\"{&quot;_animation&quot;:&quot;fadeInRight&quot;}\" data-widget_type=\"ct_about_us.default\">\n\t\t\t\t<div class=\"elementor-widget-container\">\n\t\t\t\t\t<div class=\"ct-about-us\">\r\n\t<div class=\"ct-about-left\">\r\n\t\t\t\t\t<div class=\"ct-about-imge\"><img fetchpriority=\"high\" decoding=\"async\" class=\"\" src=\"https:\/\/cogitas.ca\/wp-content\/uploads\/Myrianne-Lariviere-fotor-20260203123314-306x306.png\" width=\"306\" height=\"306\" alt=\"Myrianne Lariviere-fotor-20260203123314\" title=\"Myrianne Lariviere-fotor-20260203123314\" \/><\/div>\r\n\t\t\t<\/div>\r\n\t<div class=\"ct-about-right\">\r\n\t\t<div class=\"ct-about-holder\">\r\n\t        <div class=\"ct-about-subtitle\"><span>Adjointe - Adominstration et op\u00e9rations<\/span><\/div>\r\n\t        <h3 class=\"ct-about-title\">Myrianne Larivi\u00e8re<\/h3>\r\n\t        <div class=\"ct-about-desc\">Myrianne Larivi\u00e8re est le pilier du fonctionnement quotidien et le v\u00e9ritable m\u00e9tronome organisationnel de COGITAS. Elle contribue activement \u00e0 la gestion administrative et \u00e0 la coordination des op\u00e9rations internes. Son r\u00f4le est essentiel pour soutenir les \u00e9quipes, structurer le quotidien et assurer une organisation fluide et coh\u00e9rente des activit\u00e9s.\n\nReconnue pour son sens de l\u2019organisation, sa rigueur et sa fiabilit\u00e9, Myrianne se distingue par une approche \u00e0 la fois structur\u00e9e et humaine. Elle participe \u00e0 la cr\u00e9ation d\u2019un environnement de travail efficace et harmonieux, en soutenant les \u00e9quipes dans leurs besoins administratifs et op\u00e9rationnels, au service de la mission et des valeurs de COGITAS.<\/div>\r\n\t        \t    <\/div>\r\n\t<\/div>\r\n<\/div>\t\t\t\t<\/div>\n\t\t\t\t<\/div>\n\t\t\t\t\t<\/div>\n\t\t\t\t<\/div>\n\t\t\t\t<\/div>","protected":false},"excerpt":{"rendered":"<p>Adjointe &#8211; Adominstration et op\u00e9rations Myrianne Larivi\u00e8re Myrianne Larivi\u00e8re est le pilier du fonctionnement quotidien et le v\u00e9ritable m\u00e9tronome organisationnel de COGITAS. Elle contribue activement \u00e0 la gestion administrative et \u00e0 la coordination des op\u00e9rations internes. Son r\u00f4le est essentiel pour soutenir les \u00e9quipes, structurer le quotidien et assurer une organisation fluide et coh\u00e9rente des [&hellip;]<\/p>","protected":false},"author":7,"featured_media":0,"parent":0,"menu_order":0,"comment_status":"closed","ping_status":"closed","template":"","meta":{"_exactmetrics_skip_tracking":false,"_exactmetrics_sitenote_active":false,"_exactmetrics_sitenote_note":"","_exactmetrics_sitenote_category":0,"footnotes":""},"class_list":["post-8321","page","type-page","status-publish","hentry"],"_links":{"self":[{"href":"https:\/\/cogitas.ca\/en\/wp-json\/wp\/v2\/pages\/8321"}],"collection":[{"href":"https:\/\/cogitas.ca\/en\/wp-json\/wp\/v2\/pages"}],"about":[{"href":"https:\/\/cogitas.ca\/en\/wp-json\/wp\/v2\/types\/page"}],"author":[{"embeddable":true,"href":"https:\/\/cogitas.ca\/en\/wp-json\/wp\/v2\/users\/7"}],"replies":[{"embeddable":true,"href":"https:\/\/cogitas.ca\/en\/wp-json\/wp\/v2\/comments?post=8321"}],"version-history":[{"count":5,"href":"https:\/\/cogitas.ca\/en\/wp-json\/wp\/v2\/pages\/8321\/revisions"}],"predecessor-version":[{"id":8328,"href":"https:\/\/cogitas.ca\/en\/wp-json\/wp\/v2\/pages\/8321\/revisions\/8328"}],"wp:attachment":[{"href":"https:\/\/cogitas.ca\/en\/wp-json\/wp\/v2\/media?parent=8321"}],"curies":[{"name":"wp","href":"https:\/\/api.w.org\/{rel}","templated":true}]}}